{"id":13,"date":"2026-03-30T12:16:59","date_gmt":"2026-03-30T12:16:59","guid":{"rendered":"https:\/\/optikwelt.ee\/?page_id=13"},"modified":"2026-03-30T12:16:59","modified_gmt":"2026-03-30T12:16:59","slug":"return-to","status":"publish","type":"page","link":"https:\/\/optikwelt.ee\/en\/tagastamine\/","title":{"rendered":"Refunds and money back"},"content":{"rendered":"<h2>RIGHT OF WITHDRAWAL<\/h2>\n<p>The customer has the right to withdraw from the contract (cancel the order) within 14 calendar days of receipt of the order.<\/p>\n<p>The cancellation form and the products must be returned to the e-shop's dispatch point; the return costs are borne by the customer.<\/p>\n<h2>CONDITIONS FOR RETURN<\/h2>\n<p>The customer has the right to withdraw from the contract if the products are unused and undamaged, including in their original packaging.<\/p>\n<p>Under the Consumer Protection Act, the right of withdrawal does not apply to:<\/p>\n<ul>\n<li>Products made according to the customer's personal wishes<\/li>\n<li>Health and hygiene products that cannot be returned<\/li>\n<li>Open cosmetics and perfumery products<\/li>\n<li>Chilled\/frozen or perishable goods<\/li>\n<li>Periodicals products<\/li>\n<li>Products inextricably mixed after delivery<\/li>\n<li>Open audio\/video recordings and software<\/li>\n<\/ul>\n<p>The customer is responsible for any loss of value of the product resulting from handling not necessary to identify the nature and characteristics of the product.<\/p>\n<h2>MONEY BACK<\/h2>\n<p>If the customer has withdrawn from the contract, the seller will refund the amount of the order, including delivery costs, immediately, but no later than 7 calendar days after receipt of the withdrawal notice. The money will be returned to the same bank account from which the payment was received.<\/p>\n<p>The seller has the right to postpone the refund until the return of the products or until the customer has provided proof of return.<\/p>\n<h2>WARRANTY AND CLAIMS<\/h2>\n<p>The seller shall be liable for any non-conformity of the product with the contract for a period of 2 years from the date of delivery to the customer. In the case of retail sales, the defect that became apparent within the first 6 months is presumed to have existed at the time of delivery.<\/p>\n<p>The customer must notify the defect within 1 month of discovery.<\/p>\n<p>Complaints must be made by e-mail or at the point of sale. The complaint must include the name and contact details of the customer, the date of the complaint, a description of the defect, the customer's claim and the purchase document. The seller will reply within 15 days.<\/p>\n<h2>DISPUTE SETTLEMENT<\/h2>\n<p>Disputes are resolved by negotiation. In the absence of an agreement, the customer has the right of recourse:<\/p>\n<ul>\n<li>Consumer Protection and Technical Surveillance Authority (Endla 10a, 10122 Tallinn, Estonia), <a href=\"https:\/\/www.ttja.ee\" target=\"_blank\">www.ttja.ee<\/a>)<\/li>\n<li>The Consumer Disputes Committee (<a href=\"http:\/\/www.komisjon.ee\" target=\"_blank\">www.komisjon.ee<\/a>)<\/li>\n<li>P\u00e4rnu County Court<\/li>\n<li>EU online dispute resolution platform (<a href=\"http:\/\/ec.europa.eu\/odr\" target=\"_blank\">ec.europa.eu\/odr<\/a>)<\/li>\n<\/ul>","protected":false},"excerpt":{"rendered":"<p>TAGANEMIS\u00d5IGUS Kliendil on \u00f5igus lepingust taganeda (tellimus t\u00fchistada) 14 kalendrip\u00e4eva jooksul tellimuse k\u00e4ttesaamisest. Taganemisavaldus ja tooted tuleb tagastada e-poe v\u00e4ljastuspunkti; tagastuskulud kannab klient. TAGASTAMISE TINGIMUSED Kliendil on \u00f5igus lepingust taganeda, kui tooted on kasutamata ja kahjustamata, sealhulgas originaalpakendis. Tarbijakaitseseaduse kohaselt ei kohaldu taganemis\u00f5igus j\u00e4rgmistele toodetele: Kliendi isiklike soovide j\u00e4rgi valmistatud tooted Tervise- ja h\u00fcgieenitooted, mida [&hellip;]<\/p>\n","protected":false},"author":1,"featured_media":0,"parent":0,"menu_order":0,"comment_status":"closed","ping_status":"closed","template":"","meta":{"_acf_changed":false,"footnotes":""},"class_list":["post-13","page","type-page","status-publish","hentry"],"acf":[],"_links":{"self":[{"href":"https:\/\/optikwelt.ee\/en\/wp-json\/wp\/v2\/pages\/13","targetHints":{"allow":["GET"]}}],"collection":[{"href":"https:\/\/optikwelt.ee\/en\/wp-json\/wp\/v2\/pages"}],"about":[{"href":"https:\/\/optikwelt.ee\/en\/wp-json\/wp\/v2\/types\/page"}],"author":[{"embeddable":true,"href":"https:\/\/optikwelt.ee\/en\/wp-json\/wp\/v2\/users\/1"}],"replies":[{"embeddable":true,"href":"https:\/\/optikwelt.ee\/en\/wp-json\/wp\/v2\/comments?post=13"}],"version-history":[{"count":0,"href":"https:\/\/optikwelt.ee\/en\/wp-json\/wp\/v2\/pages\/13\/revisions"}],"wp:attachment":[{"href":"https:\/\/optikwelt.ee\/en\/wp-json\/wp\/v2\/media?parent=13"}],"curies":[{"name":"wp","href":"https:\/\/api.w.org\/{rel}","templated":true}]}}