{"id":209,"date":"2026-04-06T14:49:01","date_gmt":"2026-04-06T11:49:01","guid":{"rendered":""},"modified":"2026-04-06T14:49:01","modified_gmt":"2026-04-06T11:49:01","slug":"uldtingimused","status":"publish","type":"page","link":"https:\/\/optikwelt.ee\/en\/uldtingimused\/","title":{"rendered":"General terms and conditions"},"content":{"rendered":"<h2>1. OVERVIEWS<\/h2>\n<p>These Optikwelt O\u00dc e-shop terms and conditions apply to purchases made from the e-shop. The seller is Optikwelt O\u00dc, registered 10612951, address V. Gerassimovi tn 20-7, 20203 Narva, Estonia; e-mail pood@optikwelt.ee.<\/p>\n<p>The Seller reserves the right to unilaterally modify the Terms and Conditions by publishing the modifications on the website. Orders previously placed shall be subject to the terms and conditions in force at the time of placing.<\/p>\n<p>The customer accepts the terms and conditions by confirming the order.<\/p>\n<p>The product images in the e-shop are for illustrative purposes only.<\/p>\n<p>Customer service contact: <a href=\"mailto:pood@optikwelt.ee\">pood@optikwelt.ee<\/a><\/p>\n<h2>2. ORDERING ONLINE<\/h2>\n<p>Orders can be submitted by both registered (logged in) and anonymous customers. Only registered users have access to the order history and the wish list.<\/p>\n<p>The customer selects the desired products, adds them to the shopping cart, chooses the delivery method and destination, confirms the order and pays the total amount via the payment methods offered by the seller.<\/p>\n<p>After making a payment in the third party payment environment, click on the \u201cBack to merchant\u201d button.<\/p>\n<p>An automatic email confirms receipt of your order and payment.<\/p>\n<p>The Seller will start fulfilling the order after the customer has confirmed the order and paid the total amount.<\/p>\n<h2>3. PRICES AND PAYMENT<\/h2>\n<p>Product prices in the e-shop are given in euros and include VAT.<\/p>\n<p>The prices in force at the time of confirmation of the order remain unchanged. Any change in prices after confirmation will not affect the order.<\/p>\n<p>The customer pays the order in full as an advance payment as indicated in the e-shop. Payments are made in a secure external environment via bank transfer, bank link or payment intermediary (Payment Centre AS or PayPal).<\/p>\n<p>The following banks are available through Maksekeskus AS:<\/p>\n<ul>\n<li><strong>Estonia<\/strong>: Swedbank, SEB, Luminor, LHV, Coop Pank, Pocopay<\/li>\n<li><strong>Latvia<\/strong>: Swedbank, SEB, Citadele, Luminor<\/li>\n<li><strong>Lithuania<\/strong>: Swedbank, SEB, Luminor<\/li>\n<li><strong>Finland<\/strong>: Aktia, \u00c5landsbanken, Danske, Handelsbanken, Nordea, Oma S\u00e4\u00e4st\u00f6pankki, OP, POP Pankki, S-Pankki, S\u00e4\u00e4st\u00f6pankki.<\/li>\n<\/ul>\n<p>The seller does not have access to the customer's bank or card details.<\/p>\n<h2>4. TARNE<\/h2>\n<h3>Parcel delivery<\/h3>\n<p>For deliveries to the parcel terminal of the customer's choice (Omniva, SmartPost, etc.), a delivery charge will be added to the order, unless the order amount exceeds \u20ac200.<\/p>\n<p>The seller delivers the goods to the parcel machine within 7 working days of the order being confirmed.<\/p>\n<p>The SMS notification contains a unique door code.<\/p>\n<h3>Courier delivery<\/h3>\n<p>Select the courier service and enter the delivery address; the delivery will be made under courier conditions.<\/p>\n<p>Transport charges will be added to the order amount.<\/p>\n<h3>Point of sale delivery<\/h3>\n<p>The customer will receive the order upon presentation of an identity document (ID-card, passport, driving licence) and the order number.<\/p>\n<h3>Digital products<\/h3>\n<p>Digital products are issued via the e-shop's customer account page. The download link is valid for 7 days or 7 downloads.<\/p>\n<h2>5. PROCESSING OF PERSONAL DATA<\/h2>\n<p>The Seller processes the personal data provided by the customer in the e-shop (name, telephone, address, e-mail) in particular for the purposes of fulfilling the order and delivery in accordance with. <a href=\"\/en\/arendus\/privacy-policy\/\">privacy policy<\/a>.<\/p>\n<h2>6. WITHDRAWAL, REFUNDS AND REIMBURSEMENT OF MONEY<\/h2>\n<p>The customer has the right to withdraw from the contract within 14 calendar days of receipt of the order. Products must be unused and undamaged, including in their original packaging. Return costs are to be borne by the customer.<\/p>\n<p>The money will be refunded to the same bank account within 7 calendar days of receipt of the withdrawal notice.<\/p>\n<p>You can find more details on our <a href=\"\/en\/arendus\/return-to\/\">Refunds and cashback<\/a> from the page.<\/p>\n<h2>7. WARRANTY AND CLAIMS<\/h2>\n<p>The seller shall be liable for any non-conformity of the product with the contract for a period of 2 years from the date of delivery. In the case of consumer sales, the defect which became apparent within the first 6 months is presumed to have existed at the time of delivery.<\/p>\n<p>The customer must notify the defect within 1 month of discovery. The seller will respond to the claim within 15 days.<\/p>\n<h2>8. DISPUTE SETTLEMENT<\/h2>\n<p>Disputes are resolved by negotiation. In the absence of an agreement, the customer has the right of recourse:<\/p>\n<ul>\n<li>Consumer Protection and Technical Surveillance Authority (Endla 10a, 10122 Tallinn, Estonia), <a href=\"https:\/\/www.ttja.ee\" target=\"_blank\">www.ttja.ee<\/a>)<\/li>\n<li>The Consumer Disputes Committee (<a href=\"http:\/\/www.komisjon.ee\" target=\"_blank\">www.komisjon.ee<\/a>)<\/li>\n<li>P\u00e4rnu County Court<\/li>\n<li>EU online dispute resolution platform (<a href=\"http:\/\/ec.europa.eu\/odr\" target=\"_blank\">ec.europa.eu\/odr<\/a>)<\/li>\n<\/ul>","protected":false},"excerpt":{"rendered":"<p>1. \u00dcLDS\u00c4TTED K\u00e4esolevad Optikwelt O\u00dc e-poe m\u00fc\u00fcgitingimused kehtivad e-poest tehtud ostudele. M\u00fc\u00fcja on Optikwelt O\u00dc, registrikood 10612951, aadress V. Gerassimovi tn 20-7, 20203 Narva, Eesti; e-post pood@optikwelt.ee. M\u00fc\u00fcjal on \u00f5igus tingimusi \u00fchepoolselt muuta, avaldades muudatused veebilehel. Varem esitatud tellimustele kohalduvad esitamise hetkel kehtinud tingimused. Klient n\u00f5ustub tingimustega tellimuse kinnitamisega. E-poe tootepildid on illustratiivse t\u00e4hendusega. Klienditeeninduse [&hellip;]<\/p>\n","protected":false},"author":1,"featured_media":0,"parent":0,"menu_order":0,"comment_status":"closed","ping_status":"closed","template":"","meta":{"_acf_changed":false,"footnotes":""},"class_list":["post-209","page","type-page","status-publish","hentry"],"acf":[],"_links":{"self":[{"href":"https:\/\/optikwelt.ee\/en\/wp-json\/wp\/v2\/pages\/209","targetHints":{"allow":["GET"]}}],"collection":[{"href":"https:\/\/optikwelt.ee\/en\/wp-json\/wp\/v2\/pages"}],"about":[{"href":"https:\/\/optikwelt.ee\/en\/wp-json\/wp\/v2\/types\/page"}],"author":[{"embeddable":true,"href":"https:\/\/optikwelt.ee\/en\/wp-json\/wp\/v2\/users\/1"}],"replies":[{"embeddable":true,"href":"https:\/\/optikwelt.ee\/en\/wp-json\/wp\/v2\/comments?post=209"}],"version-history":[{"count":0,"href":"https:\/\/optikwelt.ee\/en\/wp-json\/wp\/v2\/pages\/209\/revisions"}],"wp:attachment":[{"href":"https:\/\/optikwelt.ee\/en\/wp-json\/wp\/v2\/media?parent=209"}],"curies":[{"name":"wp","href":"https:\/\/api.w.org\/{rel}","templated":true}]}}