{"id":210,"date":"2026-04-06T14:49:01","date_gmt":"2026-04-06T11:49:01","guid":{"rendered":""},"modified":"2026-04-06T14:49:01","modified_gmt":"2026-04-06T11:49:01","slug":"contact","status":"publish","type":"page","link":"https:\/\/optikwelt.ee\/en\/kontakt\/","title":{"rendered":"Contact"},"content":{"rendered":"<div class=\"ow-contact-grid\">\n<div class=\"ow-contact-form\">\n<h2>Contact us<\/h2>\n<p>Questions about products, need help with an order or interested in wholesale prices? Fill in the form and we'll get back to you within 1-2 working days.<\/p>\n\n<div class=\"wpcf7 no-js\" id=\"wpcf7-f818-o1\" lang=\"en-US\" dir=\"ltr\" data-wpcf7-id=\"818\">\n<div class=\"screen-reader-response\"><p role=\"status\" aria-live=\"polite\" aria-atomic=\"true\"><\/p> <ul><\/ul><\/div>\n<form action=\"\/en\/wp-json\/wp\/v2\/pages\/210#wpcf7-f818-o1\" method=\"post\" class=\"wpcf7-form init\" aria-label=\"Contact form\" novalidate=\"novalidate\" data-status=\"init\" data-trp-original-action=\"\/en\/wp-json\/wp\/v2\/pages\/210#wpcf7-f818-o1\">\n<fieldset class=\"hidden-fields-container\"><input type=\"hidden\" name=\"_wpcf7\" value=\"818\" \/><input type=\"hidden\" name=\"_wpcf7_version\" value=\"6.1.5\" \/><input type=\"hidden\" name=\"_wpcf7_locale\" value=\"en_US\" \/><input type=\"hidden\" name=\"_wpcf7_unit_tag\" value=\"wpcf7-f818-o1\" \/><input type=\"hidden\" name=\"_wpcf7_container_post\" value=\"0\" \/><input type=\"hidden\" name=\"_wpcf7_posted_data_hash\" value=\"\" \/>\n<\/fieldset>\n<div class=\"ow-cf7-row\">\n\t<div class=\"ow-cf7-col\">\n\t\t<p><label>Your name *<br \/>\n<span class=\"wpcf7-form-control-wrap\" data-name=\"your-name\"><input size=\"40\" maxlength=\"400\" class=\"wpcf7-form-control wpcf7-text wpcf7-validates-as-required\" autocomplete=\"name\" aria-required=\"true\" aria-invalid=\"false\" placeholder=\"Mati strawberries\" value=\"\" type=\"text\" name=\"your-name\" \/><\/span><\/label>\n\t\t<\/p>\n\t<\/div>\n\t<div class=\"ow-cf7-col\">\n\t\t<p><label>Your email *<br \/>\n<span class=\"wpcf7-form-control-wrap\" data-name=\"your-email\"><input size=\"40\" maxlength=\"400\" class=\"wpcf7-form-control wpcf7-email wpcf7-validates-as-required wpcf7-text wpcf7-validates-as-email\" autocomplete=\"email\" aria-required=\"true\" aria-invalid=\"false\" placeholder=\"mati@example.com\" value=\"\" type=\"email\" name=\"your-email\" \/><\/span><\/label>\n\t\t<\/p>\n\t<\/div>\n<\/div>\n<div class=\"ow-cf7-row\">\n\t<div class=\"ow-cf7-col\">\n\t\t<p><label>Phone<br \/>\n<span class=\"wpcf7-form-control-wrap\" data-name=\"your-phone\"><input size=\"40\" maxlength=\"400\" class=\"wpcf7-form-control wpcf7-tel wpcf7-text wpcf7-validates-as-tel\" autocomplete=\"tel\" aria-invalid=\"false\" placeholder=\"+372 ...\" value=\"\" type=\"tel\" name=\"your-phone\" \/><\/span><\/label>\n\t\t<\/p>\n\t<\/div>\n\t<div class=\"ow-cf7-col\">\n\t\t<p><label>Theme *<br \/>\n<span class=\"wpcf7-form-control-wrap\" data-name=\"your-subject\"><select class=\"wpcf7-form-control wpcf7-select wpcf7-validates-as-required\" aria-required=\"true\" aria-invalid=\"false\" name=\"your-subject\"><option value=\"\u00dcldine k\u00fcsimus\">General question<\/option><option value=\"Toote k\u00fcsimus\">Product question<\/option><option value=\"Tellimuse probleem\">Order problem<\/option><option value=\"Tagastused\">Returns<\/option><option value=\"Hulgim\u00fc\u00fck \/ B2B\">Wholesale \/ B2B<\/option><option value=\"Muu\">Other<\/option><\/select><\/span><\/label>\n\t\t<\/p>\n\t<\/div>\n<\/div>\n<p><label>Your message *<br \/>\n<span class=\"wpcf7-form-control-wrap\" data-name=\"your-message\"><textarea cols=\"40\" rows=\"4\" maxlength=\"2000\" class=\"wpcf7-form-control wpcf7-textarea wpcf7-validates-as-required\" aria-required=\"true\" aria-invalid=\"false\" placeholder=\"How can we help?\" name=\"your-message\"><\/textarea><\/span><\/label>\n<\/p>\n<p><input class=\"wpcf7-form-control wpcf7-submit has-spinner\" type=\"submit\" value=\"Send a message\" \/>\n<\/p><div class=\"wpcf7-response-output\" aria-hidden=\"true\"><\/div>\n<input type=\"hidden\" name=\"trp-form-language\" value=\"en\"\/><\/form>\n<\/div>\n<\/div>\n<div class=\"ow-contact-info\">\n<div class=\"ow-contact-card\">\n<h3>Contact<\/h3>\n<ul>\n<li><strong>E-mail<\/strong><br \/><a href=\"mailto:pood@optikwelt.ee\">pood@optikwelt.ee<\/a><br \/><a href=\"mailto:optikwelt@gmail.com\">optikwelt@gmail.com<\/a><\/li>\n<li><strong>Phone<\/strong><br \/><a href=\"tel:+37256603601\">+372 566 036 01<\/a><\/li>\n<li><strong>The address is<\/strong><br \/>Fama Blvd 4<br \/>Narva, 20303<br \/>Estonia<\/li>\n<li><strong>Visits<\/strong><br \/>Products can be viewed at a pre-arranged time. Please call or write to book an appointment.<\/li>\n<\/ul>\n<\/div>\n<div class=\"ow-contact-card\">\n<h3>Opening hours<\/h3>\n<ul>\n<li><strong>E - P<\/strong><br \/>10:00 - 18:00<\/li>\n<\/ul>\n<\/div>\n<\/div>\n<\/div>","protected":false},"excerpt":{"rendered":"<p>V\u00f5ta meiega \u00fchendust K\u00fcsimusi toodete kohta, vajad abi tellimusega v\u00f5i huvitud hulgim\u00fc\u00fcgihindadest? T\u00e4ida vorm ja vastame 1\u20132 t\u00f6\u00f6p\u00e4eva jooksul. Kontaktandmed E-postpood@optikwelt.eeoptikwelt@gmail.com Telefon+372 566 036 01 AadressFama p\u00f5ik 4Narva, 20303Eesti K\u00fclastusedTooteid saab vaadata eelnevalt kokkulepitud ajal. Palun helista v\u00f5i kirjuta, et aega broneerida. Lahtiolekuajad E \u2013 P10:00 \u2013 18:00<\/p>","protected":false},"author":1,"featured_media":0,"parent":0,"menu_order":0,"comment_status":"closed","ping_status":"closed","template":"","meta":{"_acf_changed":false,"footnotes":""},"class_list":["post-210","page","type-page","status-publish","hentry"],"acf":[],"_links":{"self":[{"href":"https:\/\/optikwelt.ee\/en\/wp-json\/wp\/v2\/pages\/210","targetHints":{"allow":["GET"]}}],"collection":[{"href":"https:\/\/optikwelt.ee\/en\/wp-json\/wp\/v2\/pages"}],"about":[{"href":"https:\/\/optikwelt.ee\/en\/wp-json\/wp\/v2\/types\/page"}],"author":[{"embeddable":true,"href":"https:\/\/optikwelt.ee\/en\/wp-json\/wp\/v2\/users\/1"}],"replies":[{"embeddable":true,"href":"https:\/\/optikwelt.ee\/en\/wp-json\/wp\/v2\/comments?post=210"}],"version-history":[{"count":0,"href":"https:\/\/optikwelt.ee\/en\/wp-json\/wp\/v2\/pages\/210\/revisions"}],"wp:attachment":[{"href":"https:\/\/optikwelt.ee\/en\/wp-json\/wp\/v2\/media?parent=210"}],"curies":[{"name":"wp","href":"https:\/\/api.w.org\/{rel}","templated":true}]}}