{"id":13,"date":"2026-03-30T12:16:59","date_gmt":"2026-03-30T12:16:59","guid":{"rendered":"https:\/\/optikwelt.ee\/?page_id=13"},"modified":"2026-03-30T12:16:59","modified_gmt":"2026-03-30T12:16:59","slug":"%d0%b2%d0%be%d0%b7%d0%b2%d1%80%d0%b0%d1%89%d0%b0%d1%82%d1%8c%d1%81%d1%8f-%d0%ba","status":"publish","type":"page","link":"https:\/\/optikwelt.ee\/ru\/tagastamine\/","title":{"rendered":"\u0412\u043e\u0437\u0432\u0440\u0430\u0442 \u0438 \u0434\u0435\u043d\u044c\u0433\u0438 \u043d\u0430\u0437\u0430\u0434"},"content":{"rendered":"<h2>\u041f\u0420\u0410\u0412\u041e \u041d\u0410 \u041e\u0422\u0417\u042b\u0412<\/h2>\n<p>\u041a\u043b\u0438\u0435\u043d\u0442 \u0438\u043c\u0435\u0435\u0442 \u043f\u0440\u0430\u0432\u043e \u043e\u0442\u043a\u0430\u0437\u0430\u0442\u044c\u0441\u044f \u043e\u0442 \u0434\u043e\u0433\u043e\u0432\u043e\u0440\u0430 (\u0430\u043d\u043d\u0443\u043b\u0438\u0440\u043e\u0432\u0430\u0442\u044c \u0437\u0430\u043a\u0430\u0437) \u0432 \u0442\u0435\u0447\u0435\u043d\u0438\u0435 14 \u043a\u0430\u043b\u0435\u043d\u0434\u0430\u0440\u043d\u044b\u0445 \u0434\u043d\u0435\u0439 \u0441 \u043c\u043e\u043c\u0435\u043d\u0442\u0430 \u043f\u043e\u043b\u0443\u0447\u0435\u043d\u0438\u044f \u0437\u0430\u043a\u0430\u0437\u0430.<\/p>\n<p>\u0424\u043e\u0440\u043c\u0443\u043b\u044f\u0440 \u043e\u0442\u043c\u0435\u043d\u044b \u0438 \u0442\u043e\u0432\u0430\u0440 \u0434\u043e\u043b\u0436\u043d\u044b \u0431\u044b\u0442\u044c \u0432\u043e\u0437\u0432\u0440\u0430\u0449\u0435\u043d\u044b \u0432 \u043f\u0443\u043d\u043a\u0442 \u043e\u0442\u043f\u0440\u0430\u0432\u043a\u0438 \u0438\u043d\u0442\u0435\u0440\u043d\u0435\u0442-\u043c\u0430\u0433\u0430\u0437\u0438\u043d\u0430; \u0440\u0430\u0441\u0445\u043e\u0434\u044b \u043f\u043e \u0432\u043e\u0437\u0432\u0440\u0430\u0442\u0443 \u043d\u0435\u0441\u0435\u0442 \u043f\u043e\u043a\u0443\u043f\u0430\u0442\u0435\u043b\u044c.<\/p>\n<h2>\u0423\u0421\u041b\u041e\u0412\u0418\u042f \u0412\u041e\u0417\u0412\u0420\u0410\u0422\u0410<\/h2>\n<p>\u041a\u043b\u0438\u0435\u043d\u0442 \u0438\u043c\u0435\u0435\u0442 \u043f\u0440\u0430\u0432\u043e \u043e\u0442\u043a\u0430\u0437\u0430\u0442\u044c\u0441\u044f \u043e\u0442 \u0434\u043e\u0433\u043e\u0432\u043e\u0440\u0430, \u0435\u0441\u043b\u0438 \u043f\u0440\u043e\u0434\u0443\u043a\u0446\u0438\u044f \u043d\u0435 \u0438\u0441\u043f\u043e\u043b\u044c\u0437\u043e\u0432\u0430\u043b\u0430\u0441\u044c \u0438 \u043d\u0435 \u0431\u044b\u043b\u0430 \u043f\u043e\u0432\u0440\u0435\u0436\u0434\u0435\u043d\u0430, \u0432 \u0442\u043e\u043c \u0447\u0438\u0441\u043b\u0435 \u0432 \u043e\u0440\u0438\u0433\u0438\u043d\u0430\u043b\u044c\u043d\u043e\u0439 \u0443\u043f\u0430\u043a\u043e\u0432\u043a\u0435.<\/p>\n<p>\u0421\u043e\u0433\u043b\u0430\u0441\u043d\u043e \u0417\u0430\u043a\u043e\u043d\u0443 \u043e \u0437\u0430\u0449\u0438\u0442\u0435 \u043f\u0440\u0430\u0432 \u043f\u043e\u0442\u0440\u0435\u0431\u0438\u0442\u0435\u043b\u0435\u0439, \u043f\u0440\u0430\u0432\u043e \u043d\u0430 \u043e\u0442\u0437\u044b\u0432 \u043d\u0435 \u0440\u0430\u0441\u043f\u0440\u043e\u0441\u0442\u0440\u0430\u043d\u044f\u0435\u0442\u0441\u044f \u043d\u0430:<\/p>\n<ul>\n<li>\u0418\u0437\u0434\u0435\u043b\u0438\u044f, \u0438\u0437\u0433\u043e\u0442\u043e\u0432\u043b\u0435\u043d\u043d\u044b\u0435 \u0432 \u0441\u043e\u043e\u0442\u0432\u0435\u0442\u0441\u0442\u0432\u0438\u0438 \u0441 \u043b\u0438\u0447\u043d\u044b\u043c\u0438 \u043f\u043e\u0436\u0435\u043b\u0430\u043d\u0438\u044f\u043c\u0438 \u0437\u0430\u043a\u0430\u0437\u0447\u0438\u043a\u0430<\/li>\n<li>\u0422\u043e\u0432\u0430\u0440\u044b \u0434\u043b\u044f \u0437\u0434\u043e\u0440\u043e\u0432\u044c\u044f \u0438 \u0433\u0438\u0433\u0438\u0435\u043d\u044b, \u043d\u0435 \u043f\u043e\u0434\u043b\u0435\u0436\u0430\u0449\u0438\u0435 \u0432\u043e\u0437\u0432\u0440\u0430\u0442\u0443<\/li>\n<li>\u041e\u0442\u043a\u0440\u044b\u0442\u0430\u044f \u043a\u043e\u0441\u043c\u0435\u0442\u0438\u043a\u0430 \u0438 \u043f\u0430\u0440\u0444\u044e\u043c\u0435\u0440\u0438\u044f<\/li>\n<li>\u041e\u0445\u043b\u0430\u0436\u0434\u0435\u043d\u043d\u044b\u0435\/\u0437\u0430\u043c\u043e\u0440\u043e\u0436\u0435\u043d\u043d\u044b\u0435 \u0438\u043b\u0438 \u0441\u043a\u043e\u0440\u043e\u043f\u043e\u0440\u0442\u044f\u0449\u0438\u0435\u0441\u044f \u0442\u043e\u0432\u0430\u0440\u044b<\/li>\n<li>\u041f\u0435\u0440\u0438\u043e\u0434\u0438\u0447\u0435\u0441\u043a\u0438\u0435 \u0438\u0437\u0434\u0430\u043d\u0438\u044f<\/li>\n<li>\u041f\u0440\u043e\u0434\u0443\u043a\u0442\u044b, \u043d\u0435\u0440\u0430\u0437\u0440\u044b\u0432\u043d\u043e \u0441\u0432\u044f\u0437\u0430\u043d\u043d\u044b\u0435 \u043c\u0435\u0436\u0434\u0443 \u0441\u043e\u0431\u043e\u0439 \u043f\u043e\u0441\u043b\u0435 \u0434\u043e\u0441\u0442\u0430\u0432\u043a\u0438<\/li>\n<li>\u041e\u0442\u043a\u0440\u044b\u0442\u044b\u0435 \u0430\u0443\u0434\u0438\u043e\/\u0432\u0438\u0434\u0435\u043e\u0437\u0430\u043f\u0438\u0441\u0438 \u0438 \u043f\u0440\u043e\u0433\u0440\u0430\u043c\u043c\u043d\u043e\u0435 \u043e\u0431\u0435\u0441\u043f\u0435\u0447\u0435\u043d\u0438\u0435<\/li>\n<\/ul>\n<p>\u041a\u043b\u0438\u0435\u043d\u0442 \u043d\u0435\u0441\u0435\u0442 \u043e\u0442\u0432\u0435\u0442\u0441\u0442\u0432\u0435\u043d\u043d\u043e\u0441\u0442\u044c \u0437\u0430 \u043b\u044e\u0431\u0443\u044e \u043f\u043e\u0442\u0435\u0440\u044e \u0441\u0442\u043e\u0438\u043c\u043e\u0441\u0442\u0438 \u043f\u0440\u043e\u0434\u0443\u043a\u0442\u0430 \u0432 \u0440\u0435\u0437\u0443\u043b\u044c\u0442\u0430\u0442\u0435 \u043e\u0431\u0440\u0430\u0449\u0435\u043d\u0438\u044f, \u043d\u0435 \u043d\u0435\u043e\u0431\u0445\u043e\u0434\u0438\u043c\u043e\u0433\u043e \u0434\u043b\u044f \u043e\u043f\u0440\u0435\u0434\u0435\u043b\u0435\u043d\u0438\u044f \u043f\u0440\u0438\u0440\u043e\u0434\u044b \u0438 \u0445\u0430\u0440\u0430\u043a\u0442\u0435\u0440\u0438\u0441\u0442\u0438\u043a \u043f\u0440\u043e\u0434\u0443\u043a\u0442\u0430.<\/p>\n<h2>\u0412\u041e\u0417\u0412\u0420\u0410\u0422 \u0414\u0415\u041d\u0415\u0413<\/h2>\n<p>\u0415\u0441\u043b\u0438 \u043a\u043b\u0438\u0435\u043d\u0442 \u043e\u0442\u043a\u0430\u0437\u0430\u043b\u0441\u044f \u043e\u0442 \u0434\u043e\u0433\u043e\u0432\u043e\u0440\u0430, \u043f\u0440\u043e\u0434\u0430\u0432\u0435\u0446 \u0432\u0435\u0440\u043d\u0435\u0442 \u0441\u0443\u043c\u043c\u0443 \u0437\u0430\u043a\u0430\u0437\u0430, \u0432\u043a\u043b\u044e\u0447\u0430\u044f \u0441\u0442\u043e\u0438\u043c\u043e\u0441\u0442\u044c \u0434\u043e\u0441\u0442\u0430\u0432\u043a\u0438, \u043d\u0435\u0437\u0430\u043c\u0435\u0434\u043b\u0438\u0442\u0435\u043b\u044c\u043d\u043e, \u043d\u043e \u043d\u0435 \u043f\u043e\u0437\u0434\u043d\u0435\u0435 7 \u043a\u0430\u043b\u0435\u043d\u0434\u0430\u0440\u043d\u044b\u0445 \u0434\u043d\u0435\u0439 \u043f\u043e\u0441\u043b\u0435 \u043f\u043e\u043b\u0443\u0447\u0435\u043d\u0438\u044f \u0443\u0432\u0435\u0434\u043e\u043c\u043b\u0435\u043d\u0438\u044f \u043e\u0431 \u043e\u0442\u043a\u0430\u0437\u0435 \u043e\u0442 \u0434\u043e\u0433\u043e\u0432\u043e\u0440\u0430. \u0414\u0435\u043d\u044c\u0433\u0438 \u0431\u0443\u0434\u0443\u0442 \u0432\u043e\u0437\u0432\u0440\u0430\u0449\u0435\u043d\u044b \u043d\u0430 \u0442\u043e\u0442 \u0436\u0435 \u0431\u0430\u043d\u043a\u043e\u0432\u0441\u043a\u0438\u0439 \u0441\u0447\u0435\u0442, \u0441 \u043a\u043e\u0442\u043e\u0440\u043e\u0433\u043e \u0431\u044b\u043b \u043f\u043e\u043b\u0443\u0447\u0435\u043d \u043f\u043b\u0430\u0442\u0435\u0436.<\/p>\n<p>\u041f\u0440\u043e\u0434\u0430\u0432\u0435\u0446 \u0438\u043c\u0435\u0435\u0442 \u043f\u0440\u0430\u0432\u043e \u043e\u0442\u043b\u043e\u0436\u0438\u0442\u044c \u0432\u043e\u0437\u0432\u0440\u0430\u0442 \u0434\u0435\u043d\u0435\u0433 \u0434\u043e \u0432\u043e\u0437\u0432\u0440\u0430\u0442\u0430 \u0442\u043e\u0432\u0430\u0440\u0430 \u0438\u043b\u0438 \u0434\u043e \u043f\u0440\u0435\u0434\u043e\u0441\u0442\u0430\u0432\u043b\u0435\u043d\u0438\u044f \u043a\u043b\u0438\u0435\u043d\u0442\u043e\u043c \u0434\u043e\u043a\u0430\u0437\u0430\u0442\u0435\u043b\u044c\u0441\u0442\u0432 \u0432\u043e\u0437\u0432\u0440\u0430\u0442\u0430.<\/p>\n<h2>\u0413\u0410\u0420\u0410\u041d\u0422\u0418\u042f \u0418 \u041f\u0420\u0415\u0422\u0415\u041d\u0417\u0418\u0418<\/h2>\n<p>\u041f\u0440\u043e\u0434\u0430\u0432\u0435\u0446 \u043d\u0435\u0441\u0435\u0442 \u043e\u0442\u0432\u0435\u0442\u0441\u0442\u0432\u0435\u043d\u043d\u043e\u0441\u0442\u044c \u0437\u0430 \u043d\u0435\u0441\u043e\u043e\u0442\u0432\u0435\u0442\u0441\u0442\u0432\u0438\u0435 \u0442\u043e\u0432\u0430\u0440\u0430 \u0443\u0441\u043b\u043e\u0432\u0438\u044f\u043c \u0434\u043e\u0433\u043e\u0432\u043e\u0440\u0430 \u0432 \u0442\u0435\u0447\u0435\u043d\u0438\u0435 2 \u043b\u0435\u0442 \u0441 \u043c\u043e\u043c\u0435\u043d\u0442\u0430 \u043f\u043e\u0441\u0442\u0430\u0432\u043a\u0438 \u0442\u043e\u0432\u0430\u0440\u0430 \u043a\u043b\u0438\u0435\u043d\u0442\u0443. \u0412 \u0441\u043b\u0443\u0447\u0430\u0435 \u0440\u043e\u0437\u043d\u0438\u0447\u043d\u043e\u0439 \u043f\u0440\u043e\u0434\u0430\u0436\u0438 \u0434\u0435\u0444\u0435\u043a\u0442, \u043f\u0440\u043e\u044f\u0432\u0438\u0432\u0448\u0438\u0439\u0441\u044f \u0432 \u0442\u0435\u0447\u0435\u043d\u0438\u0435 \u043f\u0435\u0440\u0432\u044b\u0445 6 \u043c\u0435\u0441\u044f\u0446\u0435\u0432, \u0441\u0447\u0438\u0442\u0430\u0435\u0442\u0441\u044f \u0441\u0443\u0449\u0435\u0441\u0442\u0432\u043e\u0432\u0430\u0432\u0448\u0438\u043c \u043d\u0430 \u043c\u043e\u043c\u0435\u043d\u0442 \u043f\u043e\u0441\u0442\u0430\u0432\u043a\u0438.<\/p>\n<p>\u041a\u043b\u0438\u0435\u043d\u0442 \u0434\u043e\u043b\u0436\u0435\u043d \u0441\u043e\u043e\u0431\u0449\u0438\u0442\u044c \u043e \u0434\u0435\u0444\u0435\u043a\u0442\u0435 \u0432 \u0442\u0435\u0447\u0435\u043d\u0438\u0435 1 \u043c\u0435\u0441\u044f\u0446\u0430 \u0441 \u043c\u043e\u043c\u0435\u043d\u0442\u0430 \u0435\u0433\u043e \u043e\u0431\u043d\u0430\u0440\u0443\u0436\u0435\u043d\u0438\u044f.<\/p>\n<p>\u041f\u0440\u0435\u0442\u0435\u043d\u0437\u0438\u0438 \u0441\u043b\u0435\u0434\u0443\u0435\u0442 \u043d\u0430\u043f\u0440\u0430\u0432\u043b\u044f\u0442\u044c \u043f\u043e \u044d\u043b\u0435\u043a\u0442\u0440\u043e\u043d\u043d\u043e\u0439 \u043f\u043e\u0447\u0442\u0435 \u0438\u043b\u0438 \u0432 \u043f\u0443\u043d\u043a\u0442\u0435 \u043f\u0440\u043e\u0434\u0430\u0436\u0438. \u0412 \u0436\u0430\u043b\u043e\u0431\u0435 \u0434\u043e\u043b\u0436\u043d\u044b \u0431\u044b\u0442\u044c \u0443\u043a\u0430\u0437\u0430\u043d\u044b \u0438\u043c\u044f \u0438 \u043a\u043e\u043d\u0442\u0430\u043a\u0442\u043d\u044b\u0435 \u0434\u0430\u043d\u043d\u044b\u0435 \u043f\u043e\u043a\u0443\u043f\u0430\u0442\u0435\u043b\u044f, \u0434\u0430\u0442\u0430 \u043f\u043e\u0434\u0430\u0447\u0438 \u0436\u0430\u043b\u043e\u0431\u044b, \u043e\u043f\u0438\u0441\u0430\u043d\u0438\u0435 \u0434\u0435\u0444\u0435\u043a\u0442\u0430, \u043f\u0440\u0435\u0442\u0435\u043d\u0437\u0438\u0438 \u043f\u043e\u043a\u0443\u043f\u0430\u0442\u0435\u043b\u044f \u0438 \u0434\u043e\u043a\u0443\u043c\u0435\u043d\u0442 \u043e \u043f\u043e\u043a\u0443\u043f\u043a\u0435. \u041f\u0440\u043e\u0434\u0430\u0432\u0435\u0446 \u043e\u0442\u0432\u0435\u0442\u0438\u0442 \u043d\u0430 \u043f\u0440\u0435\u0442\u0435\u043d\u0437\u0438\u044e \u0432 \u0442\u0435\u0447\u0435\u043d\u0438\u0435 15 \u0434\u043d\u0435\u0439.<\/p>\n<h2>\u0423\u0420\u0415\u0413\u0423\u041b\u0418\u0420\u041e\u0412\u0410\u041d\u0418\u0415 \u0421\u041f\u041e\u0420\u041e\u0412<\/h2>\n<p>\u0421\u043f\u043e\u0440\u044b \u0440\u0435\u0448\u0430\u044e\u0442\u0441\u044f \u043f\u0443\u0442\u0435\u043c \u043f\u0435\u0440\u0435\u0433\u043e\u0432\u043e\u0440\u043e\u0432. \u041f\u0440\u0438 \u043e\u0442\u0441\u0443\u0442\u0441\u0442\u0432\u0438\u0438 \u0441\u043e\u0433\u043b\u0430\u0448\u0435\u043d\u0438\u044f \u043a\u043b\u0438\u0435\u043d\u0442 \u0438\u043c\u0435\u0435\u0442 \u043f\u0440\u0430\u0432\u043e \u043d\u0430 \u043e\u0431\u0440\u0430\u0449\u0435\u043d\u0438\u0435 \u0432 \u0441\u0443\u0434:<\/p>\n<ul>\n<li>\u0423\u043f\u0440\u0430\u0432\u043b\u0435\u043d\u0438\u0435 \u043f\u043e \u0437\u0430\u0449\u0438\u0442\u0435 \u043f\u0440\u0430\u0432 \u043f\u043e\u0442\u0440\u0435\u0431\u0438\u0442\u0435\u043b\u0435\u0439 \u0438 \u0442\u0435\u0445\u043d\u0438\u0447\u0435\u0441\u043a\u043e\u043c\u0443 \u043d\u0430\u0434\u0437\u043e\u0440\u0443 (\u042d\u043d\u0434\u043b\u0430 10\u0430, 10122 \u0422\u0430\u043b\u043b\u0438\u043d\u043d, \u042d\u0441\u0442\u043e\u043d\u0438\u044f), <a href=\"https:\/\/www.ttja.ee\" target=\"_blank\">www.ttja.ee<\/a>)<\/li>\n<li>\u041a\u043e\u043c\u0438\u0442\u0435\u0442 \u043f\u043e \u043f\u043e\u0442\u0440\u0435\u0431\u0438\u0442\u0435\u043b\u044c\u0441\u043a\u0438\u043c \u0441\u043f\u043e\u0440\u0430\u043c (<a href=\"http:\/\/www.komisjon.ee\" target=\"_blank\">www.komisjon.ee<\/a>)<\/li>\n<li>\u041f\u044f\u0440\u043d\u0443\u0441\u043a\u0438\u0439 \u0443\u0435\u0437\u0434\u043d\u044b\u0439 \u0441\u0443\u0434<\/li>\n<li>\u041f\u043b\u0430\u0442\u0444\u043e\u0440\u043c\u0430 \u0415\u0421 \u043f\u043e \u0443\u0440\u0435\u0433\u0443\u043b\u0438\u0440\u043e\u0432\u0430\u043d\u0438\u044e \u0441\u043f\u043e\u0440\u043e\u0432 \u0432 \u0440\u0435\u0436\u0438\u043c\u0435 \u043e\u043d\u043b\u0430\u0439\u043d (<a href=\"http:\/\/ec.europa.eu\/odr\" target=\"_blank\">ec.europa.eu\/odr<\/a>)<\/li>\n<\/ul>","protected":false},"excerpt":{"rendered":"<p>TAGANEMIS\u00d5IGUS Kliendil on \u00f5igus lepingust taganeda (tellimus t\u00fchistada) 14 kalendrip\u00e4eva jooksul tellimuse k\u00e4ttesaamisest. Taganemisavaldus ja tooted tuleb tagastada e-poe v\u00e4ljastuspunkti; tagastuskulud kannab klient. TAGASTAMISE TINGIMUSED Kliendil on \u00f5igus lepingust taganeda, kui tooted on kasutamata ja kahjustamata, sealhulgas originaalpakendis. Tarbijakaitseseaduse kohaselt ei kohaldu taganemis\u00f5igus j\u00e4rgmistele toodetele: Kliendi isiklike soovide j\u00e4rgi valmistatud tooted Tervise- ja h\u00fcgieenitooted, mida [&hellip;]<\/p>\n","protected":false},"author":1,"featured_media":0,"parent":0,"menu_order":0,"comment_status":"closed","ping_status":"closed","template":"","meta":{"_acf_changed":false,"footnotes":""},"class_list":["post-13","page","type-page","status-publish","hentry"],"acf":[],"_links":{"self":[{"href":"https:\/\/optikwelt.ee\/ru\/wp-json\/wp\/v2\/pages\/13","targetHints":{"allow":["GET"]}}],"collection":[{"href":"https:\/\/optikwelt.ee\/ru\/wp-json\/wp\/v2\/pages"}],"about":[{"href":"https:\/\/optikwelt.ee\/ru\/wp-json\/wp\/v2\/types\/page"}],"author":[{"embeddable":true,"href":"https:\/\/optikwelt.ee\/ru\/wp-json\/wp\/v2\/users\/1"}],"replies":[{"embeddable":true,"href":"https:\/\/optikwelt.ee\/ru\/wp-json\/wp\/v2\/comments?post=13"}],"version-history":[{"count":0,"href":"https:\/\/optikwelt.ee\/ru\/wp-json\/wp\/v2\/pages\/13\/revisions"}],"wp:attachment":[{"href":"https:\/\/optikwelt.ee\/ru\/wp-json\/wp\/v2\/media?parent=13"}],"curies":[{"name":"wp","href":"https:\/\/api.w.org\/{rel}","templated":true}]}}