{"id":210,"date":"2026-04-06T14:49:01","date_gmt":"2026-04-06T11:49:01","guid":{"rendered":""},"modified":"2026-04-06T14:49:01","modified_gmt":"2026-04-06T11:49:01","slug":"%d1%81%d0%b2%d1%8f%d0%b7%d0%b0%d1%82%d1%8c%d1%81%d1%8f-%d1%81","status":"publish","type":"page","link":"https:\/\/optikwelt.ee\/ru\/kontakt\/","title":{"rendered":"\u0421\u0432\u044f\u0437\u0430\u0442\u044c\u0441\u044f \u0441"},"content":{"rendered":"<div class=\"ow-contact-grid\">\n<div class=\"ow-contact-form\">\n<h2>\u0421\u0432\u044f\u0436\u0438\u0442\u0435\u0441\u044c \u0441 \u043d\u0430\u043c\u0438<\/h2>\n<p>\u0415\u0441\u0442\u044c \u0432\u043e\u043f\u0440\u043e\u0441\u044b \u043f\u043e \u043f\u0440\u043e\u0434\u0443\u043a\u0446\u0438\u0438, \u043d\u0443\u0436\u043d\u0430 \u043f\u043e\u043c\u043e\u0449\u044c \u0441 \u0437\u0430\u043a\u0430\u0437\u043e\u043c \u0438\u043b\u0438 \u0438\u043d\u0442\u0435\u0440\u0435\u0441\u0443\u044e\u0442 \u043e\u043f\u0442\u043e\u0432\u044b\u0435 \u0446\u0435\u043d\u044b? \u0417\u0430\u043f\u043e\u043b\u043d\u0438\u0442\u0435 \u0444\u043e\u0440\u043c\u0443, \u0438 \u043c\u044b \u0441\u0432\u044f\u0436\u0435\u043c\u0441\u044f \u0441 \u0432\u0430\u043c\u0438 \u0432 \u0442\u0435\u0447\u0435\u043d\u0438\u0435 1-2 \u0440\u0430\u0431\u043e\u0447\u0438\u0445 \u0434\u043d\u0435\u0439.<\/p>\n\n<div class=\"wpcf7 no-js\" id=\"wpcf7-f818-o1\" lang=\"en-US\" dir=\"ltr\" data-wpcf7-id=\"818\">\n<div class=\"screen-reader-response\"><p role=\"status\" aria-live=\"polite\" aria-atomic=\"true\"><\/p> <ul><\/ul><\/div>\n<form action=\"\/ru\/wp-json\/wp\/v2\/pages\/210#wpcf7-f818-o1\" method=\"post\" class=\"wpcf7-form init\" aria-label=\"Contact form\" novalidate=\"novalidate\" data-status=\"init\" data-trp-original-action=\"\/ru\/wp-json\/wp\/v2\/pages\/210#wpcf7-f818-o1\">\n<fieldset class=\"hidden-fields-container\"><input type=\"hidden\" name=\"_wpcf7\" value=\"818\" \/><input type=\"hidden\" name=\"_wpcf7_version\" value=\"6.1.5\" \/><input type=\"hidden\" name=\"_wpcf7_locale\" value=\"en_US\" \/><input type=\"hidden\" name=\"_wpcf7_unit_tag\" value=\"wpcf7-f818-o1\" \/><input type=\"hidden\" name=\"_wpcf7_container_post\" value=\"0\" \/><input type=\"hidden\" name=\"_wpcf7_posted_data_hash\" value=\"\" \/>\n<\/fieldset>\n<div class=\"ow-cf7-row\">\n\t<div class=\"ow-cf7-col\">\n\t\t<p><label>\u0412\u0430\u0448\u0435 \u0438\u043c\u044f *<br \/>\n<span class=\"wpcf7-form-control-wrap\" data-name=\"your-name\"><input size=\"40\" maxlength=\"400\" class=\"wpcf7-form-control wpcf7-text wpcf7-validates-as-required\" autocomplete=\"name\" aria-required=\"true\" aria-invalid=\"false\" placeholder=\"\u041a\u043b\u0443\u0431\u043d\u0438\u043a\u0430 \u041c\u0430\u0442\u0438\" value=\"\" type=\"text\" name=\"your-name\" \/><\/span><\/label>\n\t\t<\/p>\n\t<\/div>\n\t<div class=\"ow-cf7-col\">\n\t\t<p><label>\u0412\u0430\u0448 e-mail *<br \/>\n<span class=\"wpcf7-form-control-wrap\" data-name=\"your-email\"><input size=\"40\" maxlength=\"400\" class=\"wpcf7-form-control wpcf7-email wpcf7-validates-as-required wpcf7-text wpcf7-validates-as-email\" autocomplete=\"email\" aria-required=\"true\" aria-invalid=\"false\" placeholder=\"mati@example.com\" value=\"\" type=\"email\" name=\"your-email\" \/><\/span><\/label>\n\t\t<\/p>\n\t<\/div>\n<\/div>\n<div class=\"ow-cf7-row\">\n\t<div class=\"ow-cf7-col\">\n\t\t<p><label>\u0422\u0435\u043b\u0435\u0444\u043e\u043d<br \/>\n<span class=\"wpcf7-form-control-wrap\" data-name=\"your-phone\"><input size=\"40\" maxlength=\"400\" class=\"wpcf7-form-control wpcf7-tel wpcf7-text wpcf7-validates-as-tel\" autocomplete=\"tel\" aria-invalid=\"false\" placeholder=\"+372 ...\" value=\"\" type=\"tel\" name=\"your-phone\" \/><\/span><\/label>\n\t\t<\/p>\n\t<\/div>\n\t<div class=\"ow-cf7-col\">\n\t\t<p><label>\u0422\u0435\u043c\u0430 *<br \/>\n<span class=\"wpcf7-form-control-wrap\" data-name=\"your-subject\"><select class=\"wpcf7-form-control wpcf7-select wpcf7-validates-as-required\" aria-required=\"true\" aria-invalid=\"false\" name=\"your-subject\"><option value=\"\u00dcldine k\u00fcsimus\">\u041e\u0431\u0449\u0438\u0439 \u0432\u043e\u043f\u0440\u043e\u0441<\/option><option value=\"Toote k\u00fcsimus\">\u0412\u043e\u043f\u0440\u043e\u0441 \u043e \u043f\u0440\u043e\u0434\u0443\u043a\u0442\u0435<\/option><option value=\"Tellimuse probleem\">\u041f\u0440\u043e\u0431\u043b\u0435\u043c\u0430 \u0441 \u0437\u0430\u043a\u0430\u0437\u043e\u043c<\/option><option value=\"Tagastused\">\u0412\u043e\u0437\u0432\u0440\u0430\u0449\u0430\u0435\u0442<\/option><option value=\"Hulgim\u00fc\u00fck \/ B2B\">\u041e\u043f\u0442\u043e\u0432\u0430\u044f \u0442\u043e\u0440\u0433\u043e\u0432\u043b\u044f \/ B2B<\/option><option value=\"Muu\">\u0414\u0440\u0443\u0433\u0438\u0435<\/option><\/select><\/span><\/label>\n\t\t<\/p>\n\t<\/div>\n<\/div>\n<p><label>\u0412\u0430\u0448\u0435 \u0441\u043e\u043e\u0431\u0449\u0435\u043d\u0438\u0435 *<br \/>\n<span class=\"wpcf7-form-control-wrap\" data-name=\"your-message\"><textarea cols=\"40\" rows=\"4\" maxlength=\"2000\" class=\"wpcf7-form-control wpcf7-textarea wpcf7-validates-as-required\" aria-required=\"true\" aria-invalid=\"false\" placeholder=\"\u0427\u0435\u043c \u043c\u044b \u043c\u043e\u0436\u0435\u043c \u043f\u043e\u043c\u043e\u0447\u044c?\" name=\"your-message\"><\/textarea><\/span><\/label>\n<\/p>\n<p><input class=\"wpcf7-form-control wpcf7-submit has-spinner\" type=\"submit\" value=\"\u041e\u0442\u043f\u0440\u0430\u0432\u0438\u0442\u044c \u0441\u043e\u043e\u0431\u0449\u0435\u043d\u0438\u0435\" \/>\n<\/p><div class=\"wpcf7-response-output\" aria-hidden=\"true\"><\/div>\n<input type=\"hidden\" name=\"trp-form-language\" value=\"ru\"\/><\/form>\n<\/div>\n<\/div>\n<div class=\"ow-contact-info\">\n<div class=\"ow-contact-card\">\n<h3>\u0421\u0432\u044f\u0437\u0430\u0442\u044c\u0441\u044f \u0441<\/h3>\n<ul>\n<li><strong>\u042d\u043b\u0435\u043a\u0442\u0440\u043e\u043d\u043d\u0430\u044f \u043f\u043e\u0447\u0442\u0430<\/strong><br \/><a href=\"mailto:pood@optikwelt.ee\">pood@optikwelt.ee<\/a><br \/><a href=\"mailto:optikwelt@gmail.com\">optikwelt@gmail.com<\/a><\/li>\n<li><strong>\u0422\u0435\u043b\u0435\u0444\u043e\u043d<\/strong><br \/><a href=\"tel:+37256603601\">+372 566 036 01<\/a><\/li>\n<li><strong>\u0410\u0434\u0440\u0435\u0441<\/strong><br \/>\u0411\u0443\u043b\u044c\u0432\u0430\u0440 \u0424\u0430\u043c\u0430 4<br \/>\u041d\u0430\u0440\u0432\u0430, 20303<br \/>\u042d\u0441\u0442\u043e\u043d\u0438\u044f<\/li>\n<li><strong>\u041f\u043e\u0441\u0435\u0449\u0435\u043d\u0438\u044f<\/strong><br \/>\u041e\u0437\u043d\u0430\u043a\u043e\u043c\u0438\u0442\u044c\u0441\u044f \u0441 \u043f\u0440\u043e\u0434\u0443\u043a\u0446\u0438\u0435\u0439 \u043c\u043e\u0436\u043d\u043e \u0432 \u0437\u0430\u0440\u0430\u043d\u0435\u0435 \u043e\u0433\u043e\u0432\u043e\u0440\u0435\u043d\u043d\u043e\u0435 \u0432\u0440\u0435\u043c\u044f. \u041f\u043e\u0436\u0430\u043b\u0443\u0439\u0441\u0442\u0430, \u043f\u043e\u0437\u0432\u043e\u043d\u0438\u0442\u0435 \u0438\u043b\u0438 \u043d\u0430\u043f\u0438\u0448\u0438\u0442\u0435, \u0447\u0442\u043e\u0431\u044b \u0434\u043e\u0433\u043e\u0432\u043e\u0440\u0438\u0442\u044c\u0441\u044f \u043e \u0432\u0441\u0442\u0440\u0435\u0447\u0435.<\/li>\n<\/ul>\n<\/div>\n<div class=\"ow-contact-card\">\n<h3>\u0427\u0430\u0441\u044b \u0440\u0430\u0431\u043e\u0442\u044b<\/h3>\n<ul>\n<li><strong>E - P<\/strong><br \/>10:00 - 18:00<\/li>\n<\/ul>\n<\/div>\n<\/div>\n<\/div>","protected":false},"excerpt":{"rendered":"<p>V\u00f5ta meiega \u00fchendust K\u00fcsimusi toodete kohta, vajad abi tellimusega v\u00f5i huvitud hulgim\u00fc\u00fcgihindadest? T\u00e4ida vorm ja vastame 1\u20132 t\u00f6\u00f6p\u00e4eva jooksul. Kontaktandmed E-postpood@optikwelt.eeoptikwelt@gmail.com Telefon+372 566 036 01 AadressFama p\u00f5ik 4Narva, 20303Eesti K\u00fclastusedTooteid saab vaadata eelnevalt kokkulepitud ajal. Palun helista v\u00f5i kirjuta, et aega broneerida. Lahtiolekuajad E \u2013 P10:00 \u2013 18:00<\/p>","protected":false},"author":1,"featured_media":0,"parent":0,"menu_order":0,"comment_status":"closed","ping_status":"closed","template":"","meta":{"_acf_changed":false,"footnotes":""},"class_list":["post-210","page","type-page","status-publish","hentry"],"acf":[],"_links":{"self":[{"href":"https:\/\/optikwelt.ee\/ru\/wp-json\/wp\/v2\/pages\/210","targetHints":{"allow":["GET"]}}],"collection":[{"href":"https:\/\/optikwelt.ee\/ru\/wp-json\/wp\/v2\/pages"}],"about":[{"href":"https:\/\/optikwelt.ee\/ru\/wp-json\/wp\/v2\/types\/page"}],"author":[{"embeddable":true,"href":"https:\/\/optikwelt.ee\/ru\/wp-json\/wp\/v2\/users\/1"}],"replies":[{"embeddable":true,"href":"https:\/\/optikwelt.ee\/ru\/wp-json\/wp\/v2\/comments?post=210"}],"version-history":[{"count":0,"href":"https:\/\/optikwelt.ee\/ru\/wp-json\/wp\/v2\/pages\/210\/revisions"}],"wp:attachment":[{"href":"https:\/\/optikwelt.ee\/ru\/wp-json\/wp\/v2\/media?parent=210"}],"curies":[{"name":"wp","href":"https:\/\/api.w.org\/{rel}","templated":true}]}}