{"id":910,"date":"2026-04-27T15:57:12","date_gmt":"2026-04-27T12:57:12","guid":{"rendered":""},"modified":"-0001-11-30T00:00:00","modified_gmt":"-0001-11-30T00:00:00","slug":"%d0%b2%d0%be%d1%80%d0%b4%d0%bb","status":"publish","type":"page","link":"https:\/\/optikwelt.ee\/ru\/vordle\/","title":{"rendered":"\u0421\u0440\u0430\u0432\u043d\u0438\u0442\u044c \u0442\u043e\u0432\u0430\u0440\u044b"},"content":{"rendered":"<p>V\u00f5rdle valitud tooteid k\u00f5rvuti. Lisa tooteid v\u00f5rdlusesse mistahes tootelehelt nupuga &#8220;Lisa v\u00f5rdlusesse&#8221;.<\/p>","protected":false},"excerpt":{"rendered":"<p>V\u00f5rdle valitud tooteid k\u00f5rvuti. Lisa tooteid v\u00f5rdlusesse mistahes tootelehelt nupuga &#8220;Lisa v\u00f5rdlusesse&#8221;.<\/p>","protected":false},"author":1,"featured_media":0,"parent":0,"menu_order":0,"comment_status":"closed","ping_status":"closed","template":"page-compare.php","meta":{"_acf_changed":false,"footnotes":""},"class_list":["post-910","page","type-page","status-publish","hentry"],"acf":[],"_links":{"self":[{"href":"https:\/\/optikwelt.ee\/ru\/wp-json\/wp\/v2\/pages\/910","targetHints":{"allow":["GET"]}}],"collection":[{"href":"https:\/\/optikwelt.ee\/ru\/wp-json\/wp\/v2\/pages"}],"about":[{"href":"https:\/\/optikwelt.ee\/ru\/wp-json\/wp\/v2\/types\/page"}],"author":[{"embeddable":true,"href":"https:\/\/optikwelt.ee\/ru\/wp-json\/wp\/v2\/users\/1"}],"replies":[{"embeddable":true,"href":"https:\/\/optikwelt.ee\/ru\/wp-json\/wp\/v2\/comments?post=910"}],"version-history":[{"count":0,"href":"https:\/\/optikwelt.ee\/ru\/wp-json\/wp\/v2\/pages\/910\/revisions"}],"wp:attachment":[{"href":"https:\/\/optikwelt.ee\/ru\/wp-json\/wp\/v2\/media?parent=910"}],"curies":[{"name":"wp","href":"https:\/\/api.w.org\/{rel}","templated":true}]}}